{"id":9,"date":"2024-10-12T18:04:01","date_gmt":"2024-10-12T18:04:01","guid":{"rendered":"https:\/\/vibrant-heyrovsky.216-225-198-194.plesk.page\/index.php\/oportunidades\/"},"modified":"2024-11-05T08:46:56","modified_gmt":"2024-11-05T14:46:56","slug":"oportunidades","status":"publish","type":"page","link":"https:\/\/bolsadetrabajo.segu.com.mx\/index.php\/oportunidades\/","title":{"rendered":"Vacantes"},"content":{"rendered":"<div class=\"job_listings\" data-location=\"\" data-keywords=\"\" data-show_filters=\"true\" data-show_pagination=\"false\" data-per_page=\"10\" data-orderby=\"featured\" data-order=\"DESC\" data-categories=\"\" data-disable-form-state-storage=\"\" data-featured_first=\"false\" data-post_id=\"9\" >\r\n<form class=\"job_filters\">\r\n\t\r\n\t<div class=\"search_jobs\">\r\n\t\t\r\n\t\t<div class=\"search_keywords\">\r\n\t\t\t<label for=\"search_keywords\">Palabras clave<\/label>\r\n\t\t\t<input type=\"text\" name=\"search_keywords\" id=\"search_keywords\" placeholder=\"Palabras clave\" value=\"\" \/>\r\n\t\t<\/div>\r\n\r\n\r\n\t\t\t\t\t<div class=\"search_submit\">\r\n\t\t\t\t<input type=\"submit\" name=\"submit\" value=\"Buscar\">\r\n\t\t\t<\/div>\r\n\t\t\r\n\t\t<div class=\"gjm-hidden-fields\" style=\"display:none\"><input type=\"hidden\" class=\"gjm_use url-disabled\" name=\"gjm_use\" value=\"2\" \/><input type=\"hidden\" class=\"gjm_element_id url-disabled\" id=\"gjm_element_id\" name=\"gjm_element_id\" value=\"job_map_listing\" \/><input type=\"hidden\" class=\"gjm-lat\" name=\"latitude\" value=\"\" \/><input type=\"hidden\" class=\"gjm-lng\" name=\"longitude\" value=\"\" \/><input type=\"hidden\" class=\"gjm-state\" name=\"state\" value=\"\" \/><input type=\"hidden\" class=\"gjm-country\" name=\"country\" value=\"\" \/><input type=\"hidden\" class=\"gjm-prev-address url-disabled\" name=\"prev_address\" value=\"\" \/><input type=\"hidden\" class=\"gjm-location-marker url-disabled\" name=\"gjm_location_marker\" value=\"https:\/\/maps.google.com\/mapfiles\/ms\/icons\/red-dot.png\" \/><\/div><div style=\"display:none\" class=\"gjm-enabled\" data-id=\"job_map_listing\" data-prefix=\"gjm\" data-autocomplete=\"disabled\" data-results_type=\"geocode\" data-country=\"\" data-autolocator=\"disabled\" data-locator_button=\"enabled\" data-save_autolocator=\"1\" data-api_region=\"us\" data-api_language=\"en\" data-locator_btn_title=\"Get your current position\"><\/div><div class=\"gjm-filters-wrapper\" style=\"display:none;\">  <div class=\"gjm-filter-wrapper gjm-units-wrapper gjm-dropdown-filter gjm-filters-count-3\"><select name=\"gjm_units\" class=\"gjm-filter\" id=\"gjm-units\"><option selected=\"selected\" value=\"imperial\">Miles<\/option><option  value=\"metric\">Kilometers<\/option><\/select><\/div>  <\/div>\t<\/div>\r\n\r\n\t\t<ul class=\"job_types\">\n\t\t\t\t\t<li><label for=\"job_type_internship\" class=\"becarios\"><input type=\"checkbox\" name=\"filter_job_type[]\" value=\"internship\"  checked='checked' id=\"job_type_internship\" \/> Becarios<\/label><\/li>\n\t\t\t\t\t<li><label for=\"job_type_freelance\" class=\"freelance\"><input type=\"checkbox\" name=\"filter_job_type[]\" value=\"freelance\"  checked='checked' id=\"job_type_freelance\" \/> Freelance<\/label><\/li>\n\t\t\t\t\t<li><label for=\"job_type_medio-tiempo\" class=\"medio-tiempo\"><input type=\"checkbox\" name=\"filter_job_type[]\" value=\"medio-tiempo\"  checked='checked' id=\"job_type_medio-tiempo\" \/> Medio tiempo<\/label><\/li>\n\t\t\t\t\t<li><label for=\"job_type_part-time\" class=\"por-horas\"><input type=\"checkbox\" name=\"filter_job_type[]\" value=\"part-time\"  checked='checked' id=\"job_type_part-time\" \/> Por horas<\/label><\/li>\n\t\t\t\t\t<li><label for=\"job_type_temporary\" class=\"por-obra\"><input type=\"checkbox\" name=\"filter_job_type[]\" value=\"temporary\"  checked='checked' id=\"job_type_temporary\" \/> Por obra<\/label><\/li>\n\t\t\t\t\t<li><label for=\"job_type_full-time\" class=\"tiempo-completo\"><input type=\"checkbox\" name=\"filter_job_type[]\" value=\"full-time\"  checked='checked' id=\"job_type_full-time\" \/> Tiempo completo<\/label><\/li>\n\t\t\t<\/ul>\n\t<input type=\"hidden\" name=\"filter_job_type[]\" value=\"\" \/>\n<div class=\"showing_jobs\" style=\"visibility: hidden;\">Contenido de prueba<\/div><\/form>\r\n\r\n<div id=\"gjm-map-wrapper-job_map_listing\" class=\"gjm-map-wrapper map-wrapper results-map\" data-map_id=\"job_map_listing\" style=\"display:none; width:100%;height:250px\"> <span id=\"gjm-resize-map-toggle-job_map_listing\" class=\"gjm-resize-map-toggle gjm-icon-resize-full\" style=\"display:none;\" title=\"Resize map\"><\/span> <div id=\"gjm-map-job_map_listing\" data-map-id=\"job_map_listing\" class=\"gjm-map\" style=\"width:100%; height:100%\" data-user_marker=\"https:\/\/maps.google.com\/mapfiles\/ms\/icons\/blue-dot.png\" data-zoom_level=\"auto\" data-max_zoom_level=\"\" data-map_type=\"ROADMAP\" data-scrollwheel=\"\" data-group_markers=\"markers_clusterer\" data-clusters_path=\"https:\/\/raw.githubusercontent.com\/googlemaps\/js-marker-clusterer\/gh-pages\/images\/m\" data-show_without_locations=\"\"><\/div> <i id=\"gjm-map-loader-job_map_listing\" class=\"gjm-map-loader gjm-icon-spin-thin animate-spin\"><\/i> <\/div>\r\n<noscript>Your browser does not support JavaScript, or it is disabled. JavaScript must be enabled in order to view listings.<\/noscript>\r\n<ul class=\"job_listings\">\n<\/ul>\n<a class=\"load_more_jobs\" href=\"#\" style=\"display:none;\"><strong>Cargar m\u00e1s anuncios<\/strong><\/a><\/div>\n","protected":false},"excerpt":{"rendered":"","protected":false},"author":1,"featured_media":0,"parent":0,"menu_order":0,"comment_status":"closed","ping_status":"closed","template":"","meta":{"footnotes":""},"class_list":["post-9","page","type-page","status-publish","hentry"],"yoast_head":"<!-- This site is optimized with the Yoast SEO Premium plugin v23.4 (Yoast SEO v23.4) - https:\/\/yoast.com\/wordpress\/plugins\/seo\/ -->\n<title>Vacantes - SEGU - Bolsa de trabajo<\/title>\n<meta name=\"robots\" content=\"index, follow, max-snippet:-1, max-image-preview:large, max-video-preview:-1\" \/>\n<link rel=\"canonical\" href=\"https:\/\/bolsadetrabajo.segu.com.mx\/index.php\/oportunidades\/\" \/>\n<meta property=\"og:locale\" content=\"es_MX\" \/>\n<meta property=\"og:type\" content=\"article\" \/>\n<meta property=\"og:title\" content=\"Vacantes\" \/>\n<meta property=\"og:url\" content=\"https:\/\/bolsadetrabajo.segu.com.mx\/index.php\/oportunidades\/\" \/>\n<meta property=\"og:site_name\" content=\"SEGU - Bolsa de trabajo\" \/>\n<meta property=\"article:modified_time\" content=\"2024-11-05T14:46:56+00:00\" \/>\n<meta name=\"twitter:card\" content=\"summary_large_image\" \/>\n<meta name=\"twitter:label1\" content=\"Tiempo de lectura\" \/>\n\t<meta name=\"twitter:data1\" content=\"1 minuto\" \/>\n<script type=\"application\/ld+json\" class=\"yoast-schema-graph\">{\"@context\":\"https:\/\/schema.org\",\"@graph\":[{\"@type\":\"WebPage\",\"@id\":\"https:\/\/bolsadetrabajo.segu.com.mx\/index.php\/oportunidades\/\",\"url\":\"https:\/\/bolsadetrabajo.segu.com.mx\/index.php\/oportunidades\/\",\"name\":\"Vacantes - SEGU - Bolsa de trabajo\",\"isPartOf\":{\"@id\":\"https:\/\/bolsadetrabajo.segu.com.mx\/#website\"},\"datePublished\":\"2024-10-12T18:04:01+00:00\",\"dateModified\":\"2024-11-05T14:46:56+00:00\",\"breadcrumb\":{\"@id\":\"https:\/\/bolsadetrabajo.segu.com.mx\/index.php\/oportunidades\/#breadcrumb\"},\"inLanguage\":\"es\",\"potentialAction\":[{\"@type\":\"ReadAction\",\"target\":[\"https:\/\/bolsadetrabajo.segu.com.mx\/index.php\/oportunidades\/\"]}]},{\"@type\":\"BreadcrumbList\",\"@id\":\"https:\/\/bolsadetrabajo.segu.com.mx\/index.php\/oportunidades\/#breadcrumb\",\"itemListElement\":[{\"@type\":\"ListItem\",\"position\":1,\"name\":\"Inicio\",\"item\":\"https:\/\/bolsadetrabajo.segu.com.mx\/\"},{\"@type\":\"ListItem\",\"position\":2,\"name\":\"Vacantes\"}]},{\"@type\":\"WebSite\",\"@id\":\"https:\/\/bolsadetrabajo.segu.com.mx\/#website\",\"url\":\"https:\/\/bolsadetrabajo.segu.com.mx\/\",\"name\":\"SEGU - Bolsa de trabajo\",\"description\":\"Explora oportunidades de empleo en SEGU, una empresa mexicana con m\u00e1s de 40 a\u00f1os de experiencia en la producci\u00f3n de equipo de transporte. Encuentra vacantes en diversas \u00e1reas y \u00fanete a un equipo comprometido con la calidad, innovaci\u00f3n y seguridad. \u00a1Construye tu futuro con nosotros!\",\"publisher\":{\"@id\":\"https:\/\/bolsadetrabajo.segu.com.mx\/#organization\"},\"potentialAction\":[{\"@type\":\"SearchAction\",\"target\":{\"@type\":\"EntryPoint\",\"urlTemplate\":\"https:\/\/bolsadetrabajo.segu.com.mx\/?s={search_term_string}\"},\"query-input\":{\"@type\":\"PropertyValueSpecification\",\"valueRequired\":true,\"valueName\":\"search_term_string\"}}],\"inLanguage\":\"es\"},{\"@type\":\"Organization\",\"@id\":\"https:\/\/bolsadetrabajo.segu.com.mx\/#organization\",\"name\":\"SEGU - Bolsa de trabajo\",\"url\":\"https:\/\/bolsadetrabajo.segu.com.mx\/\",\"logo\":{\"@type\":\"ImageObject\",\"inLanguage\":\"es\",\"@id\":\"https:\/\/bolsadetrabajo.segu.com.mx\/#\/schema\/logo\/image\/\",\"url\":\"https:\/\/bolsadetrabajo.segu.com.mx\/wp-content\/uploads\/2024\/10\/cropped-Logo-segu-200x1171-1.png\",\"contentUrl\":\"https:\/\/bolsadetrabajo.segu.com.mx\/wp-content\/uploads\/2024\/10\/cropped-Logo-segu-200x1171-1.png\",\"width\":94,\"height\":55,\"caption\":\"SEGU - Bolsa de trabajo\"},\"image\":{\"@id\":\"https:\/\/bolsadetrabajo.segu.com.mx\/#\/schema\/logo\/image\/\"}}]}<\/script>\n<!-- \/ Yoast SEO Premium plugin. -->","yoast_head_json":{"title":"Vacantes - SEGU - Bolsa de trabajo","robots":{"index":"index","follow":"follow","max-snippet":"max-snippet:-1","max-image-preview":"max-image-preview:large","max-video-preview":"max-video-preview:-1"},"canonical":"https:\/\/bolsadetrabajo.segu.com.mx\/index.php\/oportunidades\/","og_locale":"es_MX","og_type":"article","og_title":"Vacantes","og_url":"https:\/\/bolsadetrabajo.segu.com.mx\/index.php\/oportunidades\/","og_site_name":"SEGU - Bolsa de trabajo","article_modified_time":"2024-11-05T14:46:56+00:00","twitter_card":"summary_large_image","twitter_misc":{"Tiempo de lectura":"1 minuto"},"schema":{"@context":"https:\/\/schema.org","@graph":[{"@type":"WebPage","@id":"https:\/\/bolsadetrabajo.segu.com.mx\/index.php\/oportunidades\/","url":"https:\/\/bolsadetrabajo.segu.com.mx\/index.php\/oportunidades\/","name":"Vacantes - SEGU - Bolsa de trabajo","isPartOf":{"@id":"https:\/\/bolsadetrabajo.segu.com.mx\/#website"},"datePublished":"2024-10-12T18:04:01+00:00","dateModified":"2024-11-05T14:46:56+00:00","breadcrumb":{"@id":"https:\/\/bolsadetrabajo.segu.com.mx\/index.php\/oportunidades\/#breadcrumb"},"inLanguage":"es","potentialAction":[{"@type":"ReadAction","target":["https:\/\/bolsadetrabajo.segu.com.mx\/index.php\/oportunidades\/"]}]},{"@type":"BreadcrumbList","@id":"https:\/\/bolsadetrabajo.segu.com.mx\/index.php\/oportunidades\/#breadcrumb","itemListElement":[{"@type":"ListItem","position":1,"name":"Inicio","item":"https:\/\/bolsadetrabajo.segu.com.mx\/"},{"@type":"ListItem","position":2,"name":"Vacantes"}]},{"@type":"WebSite","@id":"https:\/\/bolsadetrabajo.segu.com.mx\/#website","url":"https:\/\/bolsadetrabajo.segu.com.mx\/","name":"SEGU - Bolsa de trabajo","description":"Explora oportunidades de empleo en SEGU, una empresa mexicana con m\u00e1s de 40 a\u00f1os de experiencia en la producci\u00f3n de equipo de transporte. Encuentra vacantes en diversas \u00e1reas y \u00fanete a un equipo comprometido con la calidad, innovaci\u00f3n y seguridad. \u00a1Construye tu futuro con nosotros!","publisher":{"@id":"https:\/\/bolsadetrabajo.segu.com.mx\/#organization"},"potentialAction":[{"@type":"SearchAction","target":{"@type":"EntryPoint","urlTemplate":"https:\/\/bolsadetrabajo.segu.com.mx\/?s={search_term_string}"},"query-input":{"@type":"PropertyValueSpecification","valueRequired":true,"valueName":"search_term_string"}}],"inLanguage":"es"},{"@type":"Organization","@id":"https:\/\/bolsadetrabajo.segu.com.mx\/#organization","name":"SEGU - Bolsa de trabajo","url":"https:\/\/bolsadetrabajo.segu.com.mx\/","logo":{"@type":"ImageObject","inLanguage":"es","@id":"https:\/\/bolsadetrabajo.segu.com.mx\/#\/schema\/logo\/image\/","url":"https:\/\/bolsadetrabajo.segu.com.mx\/wp-content\/uploads\/2024\/10\/cropped-Logo-segu-200x1171-1.png","contentUrl":"https:\/\/bolsadetrabajo.segu.com.mx\/wp-content\/uploads\/2024\/10\/cropped-Logo-segu-200x1171-1.png","width":94,"height":55,"caption":"SEGU - Bolsa de trabajo"},"image":{"@id":"https:\/\/bolsadetrabajo.segu.com.mx\/#\/schema\/logo\/image\/"}}]}},"_links":{"self":[{"href":"https:\/\/bolsadetrabajo.segu.com.mx\/index.php\/wp-json\/wp\/v2\/pages\/9","targetHints":{"allow":["GET"]}}],"collection":[{"href":"https:\/\/bolsadetrabajo.segu.com.mx\/index.php\/wp-json\/wp\/v2\/pages"}],"about":[{"href":"https:\/\/bolsadetrabajo.segu.com.mx\/index.php\/wp-json\/wp\/v2\/types\/page"}],"author":[{"embeddable":true,"href":"https:\/\/bolsadetrabajo.segu.com.mx\/index.php\/wp-json\/wp\/v2\/users\/1"}],"replies":[{"embeddable":true,"href":"https:\/\/bolsadetrabajo.segu.com.mx\/index.php\/wp-json\/wp\/v2\/comments?post=9"}],"version-history":[{"count":1,"href":"https:\/\/bolsadetrabajo.segu.com.mx\/index.php\/wp-json\/wp\/v2\/pages\/9\/revisions"}],"predecessor-version":[{"id":216,"href":"https:\/\/bolsadetrabajo.segu.com.mx\/index.php\/wp-json\/wp\/v2\/pages\/9\/revisions\/216"}],"wp:attachment":[{"href":"https:\/\/bolsadetrabajo.segu.com.mx\/index.php\/wp-json\/wp\/v2\/media?parent=9"}],"curies":[{"name":"wp","href":"https:\/\/api.w.org\/{rel}","templated":true}]}}