{"id":186,"date":"2023-05-15T06:31:53","date_gmt":"2023-05-15T06:31:53","guid":{"rendered":"http:\/\/localhost\/jobify-extended\/product\/jobify-tote-bag\/"},"modified":"2023-05-15T06:31:53","modified_gmt":"2023-05-15T06:31:53","slug":"jobify-tote-bag","status":"publish","type":"product","link":"https:\/\/bolsadetrabajo.segu.com.mx\/index.php\/producto\/jobify-tote-bag\/","title":{"rendered":"Jobify Tote Bag"},"content":{"rendered":"<p>Soft, finely grained canvas\u00a0distinguishes a modern, minimalist tote designed with T-shaped logo paneling outlined in tonal topstitching. An interior zip-top pouch serves as a convenient pocket, or can be snapped out and carried on its own for quick outings.<\/p>\n","protected":false},"excerpt":{"rendered":"<p>Minimalist tote designed with the Jobify \u00a0logo paneling outlined in tonal topstitching.<\/p>\n","protected":false},"featured_media":118,"comment_status":"closed","ping_status":"closed","template":"","meta":[],"product_brand":[],"product_cat":[25],"product_tag":[],"class_list":{"0":"post-186","1":"product","2":"type-product","3":"status-publish","4":"has-post-thumbnail","6":"product_cat-bag","8":"first","9":"instock","10":"shipping-taxable","11":"purchasable","12":"product-type-simple"},"yoast_head":"<!-- This site is optimized with the Yoast SEO Premium plugin v23.4 (Yoast SEO v23.4) - https:\/\/yoast.com\/wordpress\/plugins\/seo\/ -->\n<title>Jobify Tote Bag - SEGU - Bolsa de trabajo<\/title>\n<meta name=\"robots\" content=\"index, follow, max-snippet:-1, max-image-preview:large, max-video-preview:-1\" \/>\n<link rel=\"canonical\" href=\"https:\/\/bolsadetrabajo.segu.com.mx\/index.php\/producto\/jobify-tote-bag\/\" \/>\n<meta property=\"og:locale\" content=\"es_MX\" \/>\n<meta property=\"og:type\" content=\"article\" \/>\n<meta property=\"og:title\" content=\"Jobify Tote Bag\" \/>\n<meta property=\"og:description\" content=\"Minimalist tote designed with the Jobify \u00a0logo paneling outlined in tonal topstitching.\" \/>\n<meta property=\"og:url\" content=\"https:\/\/bolsadetrabajo.segu.com.mx\/index.php\/producto\/jobify-tote-bag\/\" \/>\n<meta property=\"og:site_name\" content=\"SEGU - Bolsa de trabajo\" \/>\n<meta name=\"twitter:card\" content=\"summary_large_image\" \/>\n<script type=\"application\/ld+json\" class=\"yoast-schema-graph\">{\"@context\":\"https:\/\/schema.org\",\"@graph\":[{\"@type\":\"WebPage\",\"@id\":\"https:\/\/bolsadetrabajo.segu.com.mx\/index.php\/producto\/jobify-tote-bag\/\",\"url\":\"https:\/\/bolsadetrabajo.segu.com.mx\/index.php\/producto\/jobify-tote-bag\/\",\"name\":\"Jobify Tote Bag - SEGU - Bolsa de trabajo\",\"isPartOf\":{\"@id\":\"https:\/\/bolsadetrabajo.segu.com.mx\/#website\"},\"primaryImageOfPage\":{\"@id\":\"https:\/\/bolsadetrabajo.segu.com.mx\/index.php\/producto\/jobify-tote-bag\/#primaryimage\"},\"image\":{\"@id\":\"https:\/\/bolsadetrabajo.segu.com.mx\/index.php\/producto\/jobify-tote-bag\/#primaryimage\"},\"thumbnailUrl\":\"https:\/\/bolsadetrabajo.segu.com.mx\/wp-content\/uploads\/2023\/05\/woocommerce-product-1.jpg\",\"datePublished\":\"2023-05-15T06:31:53+00:00\",\"dateModified\":\"2023-05-15T06:31:53+00:00\",\"breadcrumb\":{\"@id\":\"https:\/\/bolsadetrabajo.segu.com.mx\/index.php\/producto\/jobify-tote-bag\/#breadcrumb\"},\"inLanguage\":\"es\",\"potentialAction\":[{\"@type\":\"ReadAction\",\"target\":[\"https:\/\/bolsadetrabajo.segu.com.mx\/index.php\/producto\/jobify-tote-bag\/\"]}]},{\"@type\":\"ImageObject\",\"inLanguage\":\"es\",\"@id\":\"https:\/\/bolsadetrabajo.segu.com.mx\/index.php\/producto\/jobify-tote-bag\/#primaryimage\",\"url\":\"https:\/\/bolsadetrabajo.segu.com.mx\/wp-content\/uploads\/2023\/05\/woocommerce-product-1.jpg\",\"contentUrl\":\"https:\/\/bolsadetrabajo.segu.com.mx\/wp-content\/uploads\/2023\/05\/woocommerce-product-1.jpg\",\"width\":600,\"height\":600},{\"@type\":\"BreadcrumbList\",\"@id\":\"https:\/\/bolsadetrabajo.segu.com.mx\/index.php\/producto\/jobify-tote-bag\/#breadcrumb\",\"itemListElement\":[{\"@type\":\"ListItem\",\"position\":1,\"name\":\"Inicio\",\"item\":\"https:\/\/bolsadetrabajo.segu.com.mx\/\"},{\"@type\":\"ListItem\",\"position\":2,\"name\":\"Productos\",\"item\":\"https:\/\/bolsadetrabajo.segu.com.mx\/index.php\/tienda\/\"},{\"@type\":\"ListItem\",\"position\":3,\"name\":\"Jobify Tote Bag\"}]},{\"@type\":\"WebSite\",\"@id\":\"https:\/\/bolsadetrabajo.segu.com.mx\/#website\",\"url\":\"https:\/\/bolsadetrabajo.segu.com.mx\/\",\"name\":\"SEGU - Bolsa de trabajo\",\"description\":\"Explora oportunidades de empleo en SEGU, una empresa mexicana con m\u00e1s de 40 a\u00f1os de experiencia en la producci\u00f3n de equipo de transporte. Encuentra vacantes en diversas \u00e1reas y \u00fanete a un equipo comprometido con la calidad, innovaci\u00f3n y seguridad. \u00a1Construye tu futuro con nosotros!\",\"publisher\":{\"@id\":\"https:\/\/bolsadetrabajo.segu.com.mx\/#organization\"},\"potentialAction\":[{\"@type\":\"SearchAction\",\"target\":{\"@type\":\"EntryPoint\",\"urlTemplate\":\"https:\/\/bolsadetrabajo.segu.com.mx\/?s={search_term_string}\"},\"query-input\":{\"@type\":\"PropertyValueSpecification\",\"valueRequired\":true,\"valueName\":\"search_term_string\"}}],\"inLanguage\":\"es\"},{\"@type\":\"Organization\",\"@id\":\"https:\/\/bolsadetrabajo.segu.com.mx\/#organization\",\"name\":\"SEGU - Bolsa de trabajo\",\"url\":\"https:\/\/bolsadetrabajo.segu.com.mx\/\",\"logo\":{\"@type\":\"ImageObject\",\"inLanguage\":\"es\",\"@id\":\"https:\/\/bolsadetrabajo.segu.com.mx\/#\/schema\/logo\/image\/\",\"url\":\"https:\/\/bolsadetrabajo.segu.com.mx\/wp-content\/uploads\/2024\/10\/cropped-Logo-segu-200x1171-1.png\",\"contentUrl\":\"https:\/\/bolsadetrabajo.segu.com.mx\/wp-content\/uploads\/2024\/10\/cropped-Logo-segu-200x1171-1.png\",\"width\":94,\"height\":55,\"caption\":\"SEGU - Bolsa de trabajo\"},\"image\":{\"@id\":\"https:\/\/bolsadetrabajo.segu.com.mx\/#\/schema\/logo\/image\/\"}}]}<\/script>\n<!-- \/ Yoast SEO Premium plugin. -->","yoast_head_json":{"title":"Jobify Tote Bag - SEGU - Bolsa de trabajo","robots":{"index":"index","follow":"follow","max-snippet":"max-snippet:-1","max-image-preview":"max-image-preview:large","max-video-preview":"max-video-preview:-1"},"canonical":"https:\/\/bolsadetrabajo.segu.com.mx\/index.php\/producto\/jobify-tote-bag\/","og_locale":"es_MX","og_type":"article","og_title":"Jobify Tote Bag","og_description":"Minimalist tote designed with the Jobify \u00a0logo paneling outlined in tonal topstitching.","og_url":"https:\/\/bolsadetrabajo.segu.com.mx\/index.php\/producto\/jobify-tote-bag\/","og_site_name":"SEGU - Bolsa de trabajo","twitter_card":"summary_large_image","schema":{"@context":"https:\/\/schema.org","@graph":[{"@type":"WebPage","@id":"https:\/\/bolsadetrabajo.segu.com.mx\/index.php\/producto\/jobify-tote-bag\/","url":"https:\/\/bolsadetrabajo.segu.com.mx\/index.php\/producto\/jobify-tote-bag\/","name":"Jobify Tote Bag - SEGU - Bolsa de trabajo","isPartOf":{"@id":"https:\/\/bolsadetrabajo.segu.com.mx\/#website"},"primaryImageOfPage":{"@id":"https:\/\/bolsadetrabajo.segu.com.mx\/index.php\/producto\/jobify-tote-bag\/#primaryimage"},"image":{"@id":"https:\/\/bolsadetrabajo.segu.com.mx\/index.php\/producto\/jobify-tote-bag\/#primaryimage"},"thumbnailUrl":"https:\/\/bolsadetrabajo.segu.com.mx\/wp-content\/uploads\/2023\/05\/woocommerce-product-1.jpg","datePublished":"2023-05-15T06:31:53+00:00","dateModified":"2023-05-15T06:31:53+00:00","breadcrumb":{"@id":"https:\/\/bolsadetrabajo.segu.com.mx\/index.php\/producto\/jobify-tote-bag\/#breadcrumb"},"inLanguage":"es","potentialAction":[{"@type":"ReadAction","target":["https:\/\/bolsadetrabajo.segu.com.mx\/index.php\/producto\/jobify-tote-bag\/"]}]},{"@type":"ImageObject","inLanguage":"es","@id":"https:\/\/bolsadetrabajo.segu.com.mx\/index.php\/producto\/jobify-tote-bag\/#primaryimage","url":"https:\/\/bolsadetrabajo.segu.com.mx\/wp-content\/uploads\/2023\/05\/woocommerce-product-1.jpg","contentUrl":"https:\/\/bolsadetrabajo.segu.com.mx\/wp-content\/uploads\/2023\/05\/woocommerce-product-1.jpg","width":600,"height":600},{"@type":"BreadcrumbList","@id":"https:\/\/bolsadetrabajo.segu.com.mx\/index.php\/producto\/jobify-tote-bag\/#breadcrumb","itemListElement":[{"@type":"ListItem","position":1,"name":"Inicio","item":"https:\/\/bolsadetrabajo.segu.com.mx\/"},{"@type":"ListItem","position":2,"name":"Productos","item":"https:\/\/bolsadetrabajo.segu.com.mx\/index.php\/tienda\/"},{"@type":"ListItem","position":3,"name":"Jobify Tote Bag"}]},{"@type":"WebSite","@id":"https:\/\/bolsadetrabajo.segu.com.mx\/#website","url":"https:\/\/bolsadetrabajo.segu.com.mx\/","name":"SEGU - Bolsa de trabajo","description":"Explora oportunidades de empleo en SEGU, una empresa mexicana con m\u00e1s de 40 a\u00f1os de experiencia en la producci\u00f3n de equipo de transporte. Encuentra vacantes en diversas \u00e1reas y \u00fanete a un equipo comprometido con la calidad, innovaci\u00f3n y seguridad. \u00a1Construye tu futuro con nosotros!","publisher":{"@id":"https:\/\/bolsadetrabajo.segu.com.mx\/#organization"},"potentialAction":[{"@type":"SearchAction","target":{"@type":"EntryPoint","urlTemplate":"https:\/\/bolsadetrabajo.segu.com.mx\/?s={search_term_string}"},"query-input":{"@type":"PropertyValueSpecification","valueRequired":true,"valueName":"search_term_string"}}],"inLanguage":"es"},{"@type":"Organization","@id":"https:\/\/bolsadetrabajo.segu.com.mx\/#organization","name":"SEGU - Bolsa de trabajo","url":"https:\/\/bolsadetrabajo.segu.com.mx\/","logo":{"@type":"ImageObject","inLanguage":"es","@id":"https:\/\/bolsadetrabajo.segu.com.mx\/#\/schema\/logo\/image\/","url":"https:\/\/bolsadetrabajo.segu.com.mx\/wp-content\/uploads\/2024\/10\/cropped-Logo-segu-200x1171-1.png","contentUrl":"https:\/\/bolsadetrabajo.segu.com.mx\/wp-content\/uploads\/2024\/10\/cropped-Logo-segu-200x1171-1.png","width":94,"height":55,"caption":"SEGU - Bolsa de trabajo"},"image":{"@id":"https:\/\/bolsadetrabajo.segu.com.mx\/#\/schema\/logo\/image\/"}}]}},"_links":{"self":[{"href":"https:\/\/bolsadetrabajo.segu.com.mx\/index.php\/wp-json\/wp\/v2\/product\/186","targetHints":{"allow":["GET"]}}],"collection":[{"href":"https:\/\/bolsadetrabajo.segu.com.mx\/index.php\/wp-json\/wp\/v2\/product"}],"about":[{"href":"https:\/\/bolsadetrabajo.segu.com.mx\/index.php\/wp-json\/wp\/v2\/types\/product"}],"replies":[{"embeddable":true,"href":"https:\/\/bolsadetrabajo.segu.com.mx\/index.php\/wp-json\/wp\/v2\/comments?post=186"}],"wp:featuredmedia":[{"embeddable":true,"href":"https:\/\/bolsadetrabajo.segu.com.mx\/index.php\/wp-json\/wp\/v2\/media\/118"}],"wp:attachment":[{"href":"https:\/\/bolsadetrabajo.segu.com.mx\/index.php\/wp-json\/wp\/v2\/media?parent=186"}],"wp:term":[{"taxonomy":"product_brand","embeddable":true,"href":"https:\/\/bolsadetrabajo.segu.com.mx\/index.php\/wp-json\/wp\/v2\/product_brand?post=186"},{"taxonomy":"product_cat","embeddable":true,"href":"https:\/\/bolsadetrabajo.segu.com.mx\/index.php\/wp-json\/wp\/v2\/product_cat?post=186"},{"taxonomy":"product_tag","embeddable":true,"href":"https:\/\/bolsadetrabajo.segu.com.mx\/index.php\/wp-json\/wp\/v2\/product_tag?post=186"}],"curies":[{"name":"wp","href":"https:\/\/api.w.org\/{rel}","templated":true}]}}